{"id":7054,"date":"2023-12-07T05:06:46","date_gmt":"2023-12-07T02:06:46","guid":{"rendered":"https:\/\/www.karahanorg.com.tr\/v2\/?page_id=7054"},"modified":"2024-01-15T11:26:01","modified_gmt":"2024-01-15T08:26:01","slug":"karahan-organizasyon-danismanlik-ve-temizlik","status":"publish","type":"page","link":"https:\/\/www.karahanorg.com.tr\/v2\/karahan-organizasyon-danismanlik-ve-temizlik\/","title":{"rendered":"Karahan Organizasyon Dan\u0131\u015fmanl\u0131k ve Temizlik"},"content":{"rendered":"<div class=\"wpb-content-wrapper\"><p>[vc_row css=&#8221;.vc_custom_1451991003825{margin-bottom: 100px !important;}&#8221;][vc_column offset=&#8221;vc_col-lg-9 vc_col-md-9&#8243;]\n\t\t\t<!-- START About Us Slider 1 REVOLUTION SLIDER 6.6.18 --><p class=\"rs-p-wp-fix\"><\/p>\n\t\t\t<rs-module-wrap id=\"rev_slider_15_1_wrapper\" data-source=\"gallery\" style=\"visibility:hidden;background:transparent;padding:0;margin:0px auto;margin-top:0;margin-bottom:0;\">\n\t\t\t\t<rs-module id=\"rev_slider_15_1\" style=\"\" data-version=\"6.6.18\">\n\t\t\t\t\t<rs-slides style=\"overflow: hidden; position: absolute;\">\n\t\t\t\t\t\t<rs-slide style=\"position: absolute;\" data-key=\"rs-32\" data-title=\"Slide\" data-thumb=\"\/\/www.karahanorg.com.tr\/v2\/wp-content\/uploads\/2023\/12\/grup_bg-100x50.jpg\" data-in=\"o:1;x:(100%);\" data-out=\"a:false;\" class=\"third_bg_color\">\n\t\t\t\t\t\t\t<img fetchpriority=\"high\" decoding=\"async\" src=\"\/\/www.karahanorg.com.tr\/v2\/wp-content\/plugins\/revslider\/public\/assets\/assets\/dummy.png\" alt=\"\" title=\"grup_bg\" width=\"825\" height=\"407\" class=\"rev-slidebg tp-rs-img rs-lazyload\" data-lazyload=\"\/\/www.karahanorg.com.tr\/v2\/wp-content\/uploads\/2023\/12\/grup_bg.jpg\" data-no-retina>\n<!--\n\t\t\t\t\t\t\t--><rs-layer\n\t\t\t\t\t\t\t\tid=\"slider-15-slide-32-layer-2\" \n\t\t\t\t\t\t\t\tdata-type=\"text\"\n\t\t\t\t\t\t\t\tdata-color=\"rgba(255,255,255,1)\"\n\t\t\t\t\t\t\t\tdata-rsp_ch=\"on\"\n\t\t\t\t\t\t\t\tdata-xy=\"x:67px;y:130px;\"\n\t\t\t\t\t\t\t\tdata-text=\"l:22;\"\n\t\t\t\t\t\t\t\tdata-frame_1=\"e:power2.inOut;st:500;sR:500;\"\n\t\t\t\t\t\t\t\tdata-frame_999=\"o:0;e:nothing;st:w;sR:8200;\"\n\t\t\t\t\t\t\t\tstyle=\"z-index:5;font-family:'Roboto';\"\n\t\t\t\t\t\t\t><div class=\"consulting-rev-title-3\">\nKarahan Organizasyon <br\/>Dan\u0131\u015fmanl\u0131k ve Temizlik\n<\/div> \n\t\t\t\t\t\t\t<\/rs-layer><!--\n\n\t\t\t\t\t\t\t--><rs-layer\n\t\t\t\t\t\t\t\tid=\"slider-15-slide-32-layer-4\" \n\t\t\t\t\t\t\t\tdata-type=\"text\"\n\t\t\t\t\t\t\t\tdata-color=\"rgba(255,255,255,1)\"\n\t\t\t\t\t\t\t\tdata-rsp_ch=\"on\"\n\t\t\t\t\t\t\t\tdata-xy=\"x:67px;y:272px;\"\n\t\t\t\t\t\t\t\tdata-text=\"l:22;\"\n\t\t\t\t\t\t\t\tdata-frame_1=\"e:power2.inOut;st:500;sR:500;\"\n\t\t\t\t\t\t\t\tdata-frame_999=\"o:0;e:nothing;st:w;sR:8200;\"\n\t\t\t\t\t\t\t\tstyle=\"z-index:7;font-family:'Roboto';\"\n\t\t\t\t\t\t\t><a href=\"#\" class=\"button icon_right bordered theme_style_4\">Web Sitesi <i class=\"fa fa-chevron-right\"><\/i><\/a> \n\t\t\t\t\t\t\t<\/rs-layer><!--\n\n\t\t\t\t\t\t\t--><rs-layer\n\t\t\t\t\t\t\t\tid=\"slider-15-slide-32-layer-5\" \n\t\t\t\t\t\t\t\tdata-type=\"image\"\n\t\t\t\t\t\t\t\tdata-rsp_ch=\"on\"\n\t\t\t\t\t\t\t\tdata-xy=\"x:r;xo:44px;y:78px;\"\n\t\t\t\t\t\t\t\tdata-text=\"l:22;\"\n\t\t\t\t\t\t\t\tdata-dim=\"w:234px;h:243px;\"\n\t\t\t\t\t\t\t\tdata-frame_1=\"e:power2.inOut;st:500;sR:500;\"\n\t\t\t\t\t\t\t\tdata-frame_999=\"o:0;e:nothing;st:w;sR:8200;\"\n\t\t\t\t\t\t\t\tstyle=\"z-index:8;\"\n\t\t\t\t\t\t\t><img decoding=\"async\" src=\"\/\/www.karahanorg.com.tr\/v2\/wp-content\/plugins\/revslider\/public\/assets\/assets\/dummy.png\" alt=\"\" class=\"tp-rs-img rs-lazyload\" width=\"2000\" height=\"2075\" data-lazyload=\"\/\/www.karahanorg.com.tr\/v2\/wp-content\/uploads\/2023\/12\/a.png\" data-no-retina> \n\t\t\t\t\t\t\t<\/rs-layer><!--\n-->\t\t\t\t\t\t<\/rs-slide>\n\t\t\t\t\t\t<rs-slide style=\"position: absolute;\" data-key=\"rs-33\" data-title=\"Slide\" data-in=\"o:1;x:(100%);\" data-out=\"a:false;\">\n\t\t\t\t\t\t\t<img decoding=\"async\" src=\"\/\/www.karahanorg.com.tr\/v2\/wp-content\/plugins\/revslider\/public\/assets\/assets\/dummy.png\" alt=\"Slide\" title=\"Karahan Organizasyon Dan\u0131\u015fmanl\u0131k ve Temizlik\" class=\"rev-slidebg tp-rs-img rs-lazyload\" data-lazyload=\"\/\/www.karahanorg.com.tr\/v2\/wp-content\/plugins\/revslider\/public\/assets\/assets\/transparent.png\" data-bg=\"c:#262524;\" data-no-retina>\n<!--\n\t\t\t\t\t\t\t--><rs-layer\n\t\t\t\t\t\t\t\tid=\"slider-15-slide-33-layer-6\" \n\t\t\t\t\t\t\t\tdata-type=\"image\"\n\t\t\t\t\t\t\t\tdata-rsp_ch=\"on\"\n\t\t\t\t\t\t\t\tdata-xy=\"x:r;xo:-81px;y:-364px;\"\n\t\t\t\t\t\t\t\tdata-text=\"l:22;\"\n\t\t\t\t\t\t\t\tdata-dim=\"w:912px;h:1216px;\"\n\t\t\t\t\t\t\t\tdata-frame_1=\"e:power2.inOut;st:500;sR:500;\"\n\t\t\t\t\t\t\t\tdata-frame_999=\"o:0;e:nothing;st:w;sR:8200;\"\n\t\t\t\t\t\t\t\tstyle=\"z-index:5;\"\n\t\t\t\t\t\t\t><img decoding=\"async\" src=\"\/\/www.karahanorg.com.tr\/v2\/wp-content\/plugins\/revslider\/public\/assets\/assets\/dummy.png\" alt=\"\" class=\"tp-rs-img rs-lazyload\" width=\"1200\" height=\"1600\" data-lazyload=\"\/\/www.karahanorg.com.tr\/v2\/wp-content\/uploads\/2023\/12\/06e29c89-0823-49db-b75f-0d4bc383997b.jpg\" data-no-retina> \n\t\t\t\t\t\t\t<\/rs-layer><!--\n-->\t\t\t\t\t\t<\/rs-slide>\n\t\t\t\t\t\t<rs-slide style=\"position: absolute;\" data-key=\"rs-34\" data-title=\"Slide\" data-in=\"o:1;x:(100%);\" data-out=\"a:false;\">\n\t\t\t\t\t\t\t<img decoding=\"async\" src=\"\/\/www.karahanorg.com.tr\/v2\/wp-content\/plugins\/revslider\/public\/assets\/assets\/dummy.png\" alt=\"Slide\" title=\"Karahan Organizasyon Dan\u0131\u015fmanl\u0131k ve Temizlik\" class=\"rev-slidebg tp-rs-img rs-lazyload\" data-lazyload=\"\/\/www.karahanorg.com.tr\/v2\/wp-content\/plugins\/revslider\/public\/assets\/assets\/transparent.png\" data-bg=\"c:#262524;\" data-no-retina>\n<!--\n\t\t\t\t\t\t\t--><rs-layer\n\t\t\t\t\t\t\t\tid=\"slider-15-slide-34-layer-6\" \n\t\t\t\t\t\t\t\tdata-type=\"image\"\n\t\t\t\t\t\t\t\tdata-rsp_ch=\"on\"\n\t\t\t\t\t\t\t\tdata-xy=\"x:r;xo:-31px;y:-209px;\"\n\t\t\t\t\t\t\t\tdata-text=\"l:22;\"\n\t\t\t\t\t\t\t\tdata-dim=\"w:912px;h:684px;\"\n\t\t\t\t\t\t\t\tdata-frame_1=\"e:power2.inOut;st:500;sR:500;\"\n\t\t\t\t\t\t\t\tdata-frame_999=\"o:0;e:nothing;st:w;sR:8200;\"\n\t\t\t\t\t\t\t\tstyle=\"z-index:6;\"\n\t\t\t\t\t\t\t><img loading=\"lazy\" decoding=\"async\" src=\"\/\/www.karahanorg.com.tr\/v2\/wp-content\/plugins\/revslider\/public\/assets\/assets\/dummy.png\" alt=\"\" class=\"tp-rs-img rs-lazyload\" width=\"1600\" height=\"1200\" data-lazyload=\"\/\/www.karahanorg.com.tr\/v2\/wp-content\/uploads\/2023\/12\/46d35fca-4303-47d0-972a-109934d2078c.jpg\" data-no-retina> \n\t\t\t\t\t\t\t<\/rs-layer><!--\n-->\t\t\t\t\t\t<\/rs-slide>\n\t\t\t\t\t<\/rs-slides>\n\t\t\t\t<\/rs-module>\n\t\t\t\t<script>\n\t\t\t\t\tsetREVStartSize({c: 'rev_slider_15_1',rl:[1240,1024,778,480],el:[407],gw:[825],gh:[407],type:'carousel',justify:'',layout:'fullwidth',mh:\"0\"});if (window.RS_MODULES!==undefined && window.RS_MODULES.modules!==undefined && window.RS_MODULES.modules[\"revslider151\"]!==undefined) {window.RS_MODULES.modules[\"revslider151\"].once = false;window.revapi15 = undefined;if (window.RS_MODULES.checkMinimal!==undefined) window.RS_MODULES.checkMinimal()}\n\t\t\t\t<\/script>\n\t\t\t<\/rs-module-wrap>\n\t\t\t<!-- END REVOLUTION SLIDER -->\n[vc_column_text css=&#8221;.vc_custom_1702368529296{margin-top: 40px !important;}&#8221;]<\/p>\n<h3>\u015eirketimiz Hakk\u0131nda<\/h3>\n<p>Organizasyon ve dan\u0131\u015fmanl\u0131k hizmetlerimizin temelinde, s\u00fcre\u00e7leri en uygun konumda tutmak ad\u0131na s\u00fcrekli iyile\u015ftirmeler ve hizmet birle\u015ftirmeleri bulunmaktad\u0131r. M\u00fc\u015fterilerimizin her ihtiyac\u0131n\u0131 tam anlam\u0131yla kar\u015f\u0131lamak ve sundu\u011fumuz \u00e7\u00f6z\u00fcmlerin yarar\u0131n\u0131 g\u00f6zle g\u00f6r\u00fclebilecek \u015fekilde ortaya koymak i\u00e7in y\u00f6ntemlerimizi, sistemlerimizi ve s\u00fcre\u00e7lerimizi s\u00fcrekli iyile\u015ftirip geli\u015ftiriyoruz. M\u00fc\u015fteri ili\u015fkilerimizi y\u00f6netmek, kesintisiz iyile\u015ftirme sa\u011flamak ve ili\u015fkileri tam arzu edildi\u011fi bi\u00e7imde y\u00f6netmek i\u00e7in m\u00fckemmel bir ba\u011f kuruyoruz.<\/p>\n<p>Etkili ve esnek temizlik \u00e7\u00f6z\u00fcmleri sunuyoruz. T\u00fcm \u00e7\u00f6z\u00fcmlerimizde her bir m\u00fc\u015fterinin istek ve ihtiya\u00e7lar\u0131 g\u00f6z \u00f6n\u00fcnde bulundurularak, yeni y\u00f6ntemler geli\u015ftirmek sureti ile temizli\u011fin kalitesini ve personelimizin \u00e7al\u0131\u015fma ko\u015fullar\u0131n\u0131 iyile\u015ftirmektyeyiz. Genel temizlik e\u011fitimli, motivasyonu y\u00fcksek ve sorumluluk sahibi personelimizin temelinde, onlar\u0131n s\u00fcrekli e\u011fitilip yeti\u015ftirilmesi yatmaktad\u0131r.[\/vc_column_text][vc_column_text css=&#8221;.vc_custom_1702303438212{margin-bottom: 34px !important;}&#8221; el_class=&#8221;alinti&#8221;]<\/p>\n<blockquote><p>\u00d6ncelikle m\u00fc\u015fteri ihtiya\u00e7lar\u0131n\u0131 analiz edip, verilecek hizmetlerin kapsam ve seviyesini her bir m\u00fc\u015fteriye g\u00f6re \u00f6zelle\u015ftiren bir hizmet sunuyoruz.<\/p><\/blockquote>\n<p>[\/vc_column_text][vc_row_inner equal_height=&#8221;yes&#8221; content_placement=&#8221;bottom&#8221;][vc_column_inner][vc_custom_heading text=&#8221;Temizlik Hizmetlerimiz&#8221; font_container=&#8221;tag:h4|text_align:left|color:%23222222&#8243; use_theme_fonts=&#8221;yes&#8221; css=&#8221;.vc_custom_1702303225213{margin-bottom: 15px !important;}&#8221; el_class=&#8221;no_stripe&#8221;][vc_column_text]10 y\u0131ll\u0131k tecrubemizle profesyonel temizli\u011fe dair, bireysel ve kurumsal \u00e7\u00f6z\u00fcm orta\u011f\u0131 olarak ger\u00e7ekle\u015ftirdi\u011fimiz hizmetler ;[\/vc_column_text][\/vc_column_inner][\/vc_row_inner][vc_row_inner equal_height=&#8221;yes&#8221; content_placement=&#8221;bottom&#8221; css=&#8221;.vc_custom_1702303253943{padding-top: 40px !important;}&#8221;][vc_column_inner width=&#8221;1\/3&#8243;][vc_column_text]<\/p>\n<ul>\n<li><strong>\u0130n\u015faat Sonras\u0131 Temizlik<\/strong><\/li>\n<li><strong>Ofis ve \u0130\u015fyeri Temizli\u011fi<\/strong><\/li>\n<li><strong>Y\u00fcksek Cam Temizli\u011fi<\/strong><\/li>\n<li><strong>Site \/ Toplu Konut Temizli\u011fi<\/strong><\/li>\n<\/ul>\n<p>[\/vc_column_text][\/vc_column_inner][vc_column_inner width=&#8221;1\/3&#8243;][vc_column_text]<\/p>\n<ul>\n<li><strong>Fabrika Temizli\u011fi<\/strong><\/li>\n<li><strong>Al\u0131\u015fveri\u015f Merkezi Temizli\u011fi<\/strong><\/li>\n<li><strong>Ev \/ Villa Temizli\u011fi<\/strong><\/li>\n<li><strong>D\u0131\u015f Cephe Temizli\u011fi<\/strong><\/li>\n<\/ul>\n<p>[\/vc_column_text][\/vc_column_inner][vc_column_inner width=&#8221;1\/3&#8243;][vc_column_text]<\/p>\n<ul>\n<li><strong>Fuar \/ Stand Temizli\u011fi<\/strong><\/li>\n<li><strong>Otopark Temizli\u011fi<\/strong><\/li>\n<li><strong>Okul \/ Kamp\u00fcs Temizli\u011fi<\/strong><\/li>\n<li><strong>Dezenfekte \u0130\u015flemleri<\/strong><\/li>\n<\/ul>\n<p>[\/vc_column_text][\/vc_column_inner][\/vc_row_inner][\/vc_column][vc_column width=&#8221;1\/4&#8243; offset=&#8221;vc_hidden-sm vc_hidden-xs&#8221;][stm_sidebar sidebar=&#8221;7772&#8243;][\/vc_column][\/vc_row][vc_row full_width=&#8221;stretch_row&#8221; el_class=&#8221;third_bg_color&#8221; css=&#8221;.vc_custom_1451889219674{margin-bottom: -60px !important;}&#8221;][vc_column][vc_cta h2=&#8221;Sen de Karahanl\u0131 olmak ister misin ?&#8221; h2_font_container=&#8221;tag:h2|font_size:20px|text_align:left|color:%23000000|line_height:24px&#8221; h2_use_theme_fonts=&#8221;yes&#8221; shape=&#8221;square&#8221; style=&#8221;flat&#8221; add_button=&#8221;right&#8221; btn_title=&#8221;i\u015f ilanlar\u0131n\u0131 g\u00f6r&#8221; btn_style=&#8221;flat&#8221; btn_color=&#8221;theme_style_2&#8243; btn_align=&#8221;right&#8221; btn_i_align=&#8221;right&#8221; btn_i_icon_fontawesome=&#8221;fas fa-chevron-right&#8221; use_custom_fonts_h2=&#8221;true&#8221; btn_button_block=&#8221;true&#8221; btn_add_icon=&#8221;true&#8221; el_class=&#8221;third_bg_color&#8221; css=&#8221;.vc_custom_1705151381244{margin-bottom: 0px !important;}&#8221; btn_link=&#8221;url:https%3A%2F%2Fwww.karahanorg.com.tr%2Fv2%2Fkariyer%2F|title:Kariyer&#8221;][\/vc_cta][\/vc_column][\/vc_row]<\/p>\n<\/div>","protected":false},"excerpt":{"rendered":"<p>[vc_row css=&#8221;.vc_custom_1451991003825{margin-bottom: 100px !important;}&#8221;][vc_column offset=&#8221;vc_col-lg-9 vc_col-md-9&#8243;][vc_column_text css=&#8221;.vc_custom_1702368529296{margin-top: 40px !important;}&#8221;] \u015eirketimiz Hakk\u0131nda Organizasyon ve dan\u0131\u015fmanl\u0131k hizmetlerimizin temelinde, s\u00fcre\u00e7leri en uygun konumda tutmak ad\u0131na s\u00fcrekli iyile\u015ftirmeler ve hizmet birle\u015ftirmeleri bulunmaktad\u0131r. M\u00fc\u015fterilerimizin her ihtiyac\u0131n\u0131 tam anlam\u0131yla kar\u015f\u0131lamak ve sundu\u011fumuz \u00e7\u00f6z\u00fcmlerin yarar\u0131n\u0131 g\u00f6zle g\u00f6r\u00fclebilecek \u015fekilde ortaya koymak i\u00e7in y\u00f6ntemlerimizi, sistemlerimizi ve s\u00fcre\u00e7lerimizi s\u00fcrekli iyile\u015ftirip geli\u015ftiriyoruz. M\u00fc\u015fteri ili\u015fkilerimizi y\u00f6netmek, kesintisiz<\/p>\n","protected":false},"author":1,"featured_media":0,"parent":0,"menu_order":0,"comment_status":"closed","ping_status":"closed","template":"","meta":{"footnotes":""},"class_list":["post-7054","page","type-page","status-publish","hentry"],"_links":{"self":[{"href":"https:\/\/www.karahanorg.com.tr\/v2\/wp-json\/wp\/v2\/pages\/7054","targetHints":{"allow":["GET"]}}],"collection":[{"href":"https:\/\/www.karahanorg.com.tr\/v2\/wp-json\/wp\/v2\/pages"}],"about":[{"href":"https:\/\/www.karahanorg.com.tr\/v2\/wp-json\/wp\/v2\/types\/page"}],"author":[{"embeddable":true,"href":"https:\/\/www.karahanorg.com.tr\/v2\/wp-json\/wp\/v2\/users\/1"}],"replies":[{"embeddable":true,"href":"https:\/\/www.karahanorg.com.tr\/v2\/wp-json\/wp\/v2\/comments?post=7054"}],"version-history":[{"count":10,"href":"https:\/\/www.karahanorg.com.tr\/v2\/wp-json\/wp\/v2\/pages\/7054\/revisions"}],"predecessor-version":[{"id":7793,"href":"https:\/\/www.karahanorg.com.tr\/v2\/wp-json\/wp\/v2\/pages\/7054\/revisions\/7793"}],"wp:attachment":[{"href":"https:\/\/www.karahanorg.com.tr\/v2\/wp-json\/wp\/v2\/media?parent=7054"}],"curies":[{"name":"wp","href":"https:\/\/api.w.org\/{rel}","templated":true}]}}